{"id":123,"date":"2025-02-07T11:36:47","date_gmt":"2025-02-07T11:36:47","guid":{"rendered":"https:\/\/lahdc.pt\/home\/?page_id=123"},"modified":"2025-03-24T19:16:13","modified_gmt":"2025-03-24T19:16:13","slug":"copyright","status":"publish","type":"page","link":"https:\/\/lahdc.pt\/home\/copyright\/","title":{"rendered":"Copyright"},"content":{"rendered":"\t\t<div data-elementor-type=\"wp-page\" data-elementor-id=\"123\" class=\"elementor elementor-123\">\n\t\t\t\t<div class=\"elementor-element elementor-element-9a495f6 e-flex e-con-boxed e-con e-parent\" data-id=\"9a495f6\" data-element_type=\"container\" data-settings=\"{&quot;background_background&quot;:&quot;classic&quot;}\">\n\t\t\t\t\t<div class=\"e-con-inner\">\n\t\t\t\t<div class=\"elementor-element elementor-element-7d1952e elementor-widget elementor-widget-heading\" data-id=\"7d1952e\" data-element_type=\"widget\" data-widget_type=\"heading.default\">\n\t\t\t\t<div class=\"elementor-widget-container\">\n\t\t\t\t\t<h2 class=\"elementor-heading-title elementor-size-default\">Copyright<\/h2>\t\t\t\t<\/div>\n\t\t\t\t<\/div>\n\t\t\t\t\t<\/div>\n\t\t\t\t<\/div>\n\t\t<div class=\"elementor-element elementor-element-b768412 e-flex e-con-boxed e-con e-parent\" data-id=\"b768412\" data-element_type=\"container\">\n\t\t\t\t\t<div class=\"e-con-inner\">\n\t\t<div class=\"elementor-element elementor-element-f79cf34 e-con-full e-flex e-con e-child\" data-id=\"f79cf34\" data-element_type=\"container\">\n\t\t<div class=\"elementor-element elementor-element-837beb2 e-con-full e-flex e-con e-child\" data-id=\"837beb2\" data-element_type=\"container\">\n\t\t\t\t<div class=\"elementor-element elementor-element-fc0a77e elementor-widget elementor-widget-text-editor\" data-id=\"fc0a77e\" data-element_type=\"widget\" data-widget_type=\"text-editor.default\">\n\t\t\t\t<div class=\"elementor-widget-container\">\n\t\t\t\t\t\t\t\t\t<p>Todos os elementos contidos em LAHDC.pt, nomeadamente textos, fotos, ilustra\u00e7\u00f5es e outros est\u00e3o protegidos pela lei, ao abrigo do C\u00f3digo dos Direitos de Autor e dos Direitos Conexos.<\/p><p>\u00c9 expressamente proibida a c\u00f3pia, reprodu\u00e7\u00e3o e divulga\u00e7\u00e3o dos textos, fotos, ilustra\u00e7\u00f5es e outros elementos contidos neste site sem autoriza\u00e7\u00e3o expressa da LAHDC, independentemente dos meios para tal utilizados, com a exce\u00e7\u00e3o do direito de cita\u00e7\u00e3o definido na lei.<\/p><p>\u00c9 expressamente proibido o uso comercial dos elementos contidos no site, nomeadamente textos, fotos, ilustra\u00e7\u00f5es e outros.<\/p><p>A LAHDC reserva-se o direito de agir judicialmente contra os autores de qualquer c\u00f3pia, reprodu\u00e7\u00e3o, difus\u00e3o ou explora\u00e7\u00e3o comercial n\u00e3o autorizadas dos elementos contidos neste site, nomeadamente textos, fotos, ilustra\u00e7\u00f5es e outros.<\/p>\t\t\t\t\t\t\t\t<\/div>\n\t\t\t\t<\/div>\n\t\t\t\t<\/div>\n\t\t\t\t<\/div>\n\t\t\t\t\t<\/div>\n\t\t\t\t<\/div>\n\t\t\t\t<\/div>\n\t\t","protected":false},"excerpt":{"rendered":"<p>Copyright Todos os elementos contidos em LAHDC.pt, nomeadamente textos, fotos, ilustra\u00e7\u00f5es e outros est\u00e3o protegidos pela lei, ao abrigo do C\u00f3digo dos Direitos de Autor e dos Direitos Conexos. \u00c9 expressamente proibida a c\u00f3pia, reprodu\u00e7\u00e3o e divulga\u00e7\u00e3o dos textos, fotos, ilustra\u00e7\u00f5es e outros elementos contidos neste site sem autoriza\u00e7\u00e3o expressa da LAHDC, independentemente dos meios [&hellip;]<\/p>\n","protected":false},"author":1,"featured_media":0,"parent":0,"menu_order":0,"comment_status":"closed","ping_status":"closed","template":"elementor_header_footer","meta":{"footnotes":""},"class_list":["post-123","page","type-page","status-publish","hentry"],"_links":{"self":[{"href":"https:\/\/lahdc.pt\/home\/wp-json\/wp\/v2\/pages\/123","targetHints":{"allow":["GET"]}}],"collection":[{"href":"https:\/\/lahdc.pt\/home\/wp-json\/wp\/v2\/pages"}],"about":[{"href":"https:\/\/lahdc.pt\/home\/wp-json\/wp\/v2\/types\/page"}],"author":[{"embeddable":true,"href":"https:\/\/lahdc.pt\/home\/wp-json\/wp\/v2\/users\/1"}],"replies":[{"embeddable":true,"href":"https:\/\/lahdc.pt\/home\/wp-json\/wp\/v2\/comments?post=123"}],"version-history":[{"count":13,"href":"https:\/\/lahdc.pt\/home\/wp-json\/wp\/v2\/pages\/123\/revisions"}],"predecessor-version":[{"id":947,"href":"https:\/\/lahdc.pt\/home\/wp-json\/wp\/v2\/pages\/123\/revisions\/947"}],"wp:attachment":[{"href":"https:\/\/lahdc.pt\/home\/wp-json\/wp\/v2\/media?parent=123"}],"curies":[{"name":"wp","href":"https:\/\/api.w.org\/{rel}","templated":true}]}}