{"id":607,"date":"2025-02-24T11:00:50","date_gmt":"2025-02-24T11:00:50","guid":{"rendered":"https:\/\/lahdc.pt\/home\/?page_id=607"},"modified":"2025-03-25T17:41:53","modified_gmt":"2025-03-25T17:41:53","slug":"historia-da-liga","status":"publish","type":"page","link":"https:\/\/lahdc.pt\/home\/historia-da-liga\/","title":{"rendered":"Hist\u00f3ria da Liga"},"content":{"rendered":"\t\t<div data-elementor-type=\"wp-page\" data-elementor-id=\"607\" class=\"elementor elementor-607\">\n\t\t\t\t<div class=\"elementor-element elementor-element-73db00a e-flex e-con-boxed e-con e-parent\" data-id=\"73db00a\" data-element_type=\"container\" data-settings=\"{&quot;background_background&quot;:&quot;classic&quot;}\">\n\t\t\t\t\t<div class=\"e-con-inner\">\n\t\t\t\t<div class=\"elementor-element elementor-element-d4c3024 elementor-widget elementor-widget-heading\" data-id=\"d4c3024\" data-element_type=\"widget\" data-widget_type=\"heading.default\">\n\t\t\t\t<div class=\"elementor-widget-container\">\n\t\t\t\t\t<h2 class=\"elementor-heading-title elementor-size-default\">A Hist\u00f3ria da LAHDC<\/h2>\t\t\t\t<\/div>\n\t\t\t\t<\/div>\n\t\t\t\t\t<\/div>\n\t\t\t\t<\/div>\n\t\t<div class=\"elementor-element elementor-element-90f7641 e-flex e-con-boxed e-con e-parent\" data-id=\"90f7641\" data-element_type=\"container\">\n\t\t\t\t\t<div class=\"e-con-inner\">\n\t\t<div class=\"elementor-element elementor-element-5402a86 e-con-full e-flex e-con e-child\" data-id=\"5402a86\" data-element_type=\"container\">\n\t\t\t\t<div class=\"elementor-element elementor-element-0cee6b8 elementor-widget elementor-widget-heading\" data-id=\"0cee6b8\" data-element_type=\"widget\" data-widget_type=\"heading.default\">\n\t\t\t\t<div class=\"elementor-widget-container\">\n\t\t\t\t\t<h2 class=\"elementor-heading-title elementor-size-default\">A Nossa Hist\u00f3ria<\/h2>\t\t\t\t<\/div>\n\t\t\t\t<\/div>\n\t\t\t\t<div class=\"elementor-element elementor-element-a9df7c3 elementor-widget-divider--view-line elementor-widget elementor-widget-divider\" data-id=\"a9df7c3\" data-element_type=\"widget\" data-widget_type=\"divider.default\">\n\t\t\t\t<div class=\"elementor-widget-container\">\n\t\t\t\t\t\t\t<div class=\"elementor-divider\">\n\t\t\t<span class=\"elementor-divider-separator\">\n\t\t\t\t\t\t<\/span>\n\t\t<\/div>\n\t\t\t\t\t\t<\/div>\n\t\t\t\t<\/div>\n\t\t\t\t<div class=\"elementor-element elementor-element-1ea9c43 elementor-widget elementor-widget-text-editor\" data-id=\"1ea9c43\" data-element_type=\"widget\" data-widget_type=\"text-editor.default\">\n\t\t\t\t<div class=\"elementor-widget-container\">\n\t\t\t\t\t\t\t\t\t<p class=\"\" data-start=\"139\" data-end=\"519\">A <strong data-start=\"141\" data-end=\"192\">Liga dos Amigos do Hospital Distrital de Chaves<\/strong> nasceu da vontade de fazer a diferen\u00e7a na vida dos doentes deste hospital, reconhecendo-o como uma unidade essencial para o bem-estar da comunidade. Foi com esse prop\u00f3sito que, a <strong data-start=\"372\" data-end=\"394\">1 de julho de 1992<\/strong>, um grupo de cidad\u00e3os decidiu unir esfor\u00e7os e criar uma associa\u00e7\u00e3o dedicada ao apoio ativo ao hospital e aos seus utentes.<\/p><p class=\"\" data-start=\"521\" data-end=\"838\">Desde o in\u00edcio, a miss\u00e3o da Liga foi clara: <strong data-start=\"565\" data-end=\"727\">promover a colabora\u00e7\u00e3o da comunidade e das suas institui\u00e7\u00f5es no bem-estar dos doentes, garantindo melhores condi\u00e7\u00f5es de acolhimento, internamento e tratamento<\/strong>. Para isso, um dos primeiros objetivos foi a cria\u00e7\u00e3o de um corpo de volunt\u00e1rios comprometido com essa causa.<\/p><p class=\"\" data-start=\"840\" data-end=\"1243\">Em pouco tempo, a iniciativa mobilizou mais de <strong data-start=\"887\" data-end=\"918\">tr\u00eas dezenas de volunt\u00e1rios<\/strong> dos quatro concelhos do norte do distrito de Vila Real, formando a base de um projeto que cresceria de forma s\u00f3lida e estruturada. O primeiro curso de forma\u00e7\u00e3o para volunt\u00e1rios teve in\u00edcio a <strong data-start=\"1110\" data-end=\"1132\">22 de maio de 1993<\/strong>, sendo conclu\u00eddo a <strong data-start=\"1152\" data-end=\"1174\">21 de maio de 1994<\/strong>, com <strong data-start=\"1180\" data-end=\"1204\">32 volunt\u00e1rios aptos<\/strong> a desempenhar esta miss\u00e3o t\u00e3o nobre.<\/p><p class=\"\" data-start=\"1245\" data-end=\"1695\">Com o crescimento da experi\u00eancia e do impacto do trabalho volunt\u00e1rio, a Liga elaborou e implementou, a <strong data-start=\"1348\" data-end=\"1374\">14 de novembro de 1994<\/strong>, o seu <strong data-start=\"1382\" data-end=\"1421\">Regulamento Interno do Voluntariado<\/strong>. O reconhecimento do valor desta a\u00e7\u00e3o levou \u00e0 sua amplia\u00e7\u00e3o progressiva dentro do hospital, culminando, a <strong data-start=\"1528\" data-end=\"1554\">10 de novembro de 1998<\/strong>, na permiss\u00e3o para a atua\u00e7\u00e3o dos volunt\u00e1rios tamb\u00e9m nos internamentos, marcando um importante avan\u00e7o na humaniza\u00e7\u00e3o dos cuidados de sa\u00fade.<\/p><p class=\"\" data-start=\"1697\" data-end=\"2038\">Atualmente, a <strong data-start=\"1711\" data-end=\"1762\">Liga dos Amigos do Hospital Distrital de Chaves<\/strong> continua a desempenhar um papel fundamental no <strong data-start=\"1810\" data-end=\"1831\">apoio aos doentes<\/strong>, mantendo-se fiel aos seus valores de <strong data-start=\"1870\" data-end=\"1915\">cuidar, proteger e dignificar cada pessoa<\/strong>. A sua hist\u00f3ria \u00e9 feita de dedica\u00e7\u00e3o, solidariedade e um compromisso inabal\u00e1vel com a sa\u00fade e o bem-estar da comunidade.<\/p>\t\t\t\t\t\t\t\t<\/div>\n\t\t\t\t<\/div>\n\t\t\t\t<\/div>\n\t\t<div class=\"elementor-element elementor-element-b965b0f e-con-full e-flex e-con e-child\" data-id=\"b965b0f\" data-element_type=\"container\">\n\t\t<div class=\"elementor-element elementor-element-127ce6f e-con-full e-flex e-con e-child\" data-id=\"127ce6f\" data-element_type=\"container\">\n\t\t\t\t<div class=\"elementor-element elementor-element-10bac53 elementor-widget elementor-widget-heading\" data-id=\"10bac53\" data-element_type=\"widget\" data-widget_type=\"heading.default\">\n\t\t\t\t<div class=\"elementor-widget-container\">\n\t\t\t\t\t<h2 class=\"elementor-heading-title elementor-size-default\">A NOSSA MISS\u00c3O:<\/h2>\t\t\t\t<\/div>\n\t\t\t\t<\/div>\n\t\t\t\t<div class=\"elementor-element elementor-element-19a67e3 elementor-widget elementor-widget-text-editor\" data-id=\"19a67e3\" data-element_type=\"widget\" data-widget_type=\"text-editor.default\">\n\t\t\t\t<div class=\"elementor-widget-container\">\n\t\t\t\t\t\t\t\t\t<ul><li><span class=\"elementor-icon-list-text\">Promover a colabora\u00e7\u00e3o da Comunidade e suas institui\u00e7\u00f5es no bem-estar do doente e na sua promo\u00e7\u00e3o social;<\/span><\/li><\/ul><ul><li><span class=\"elementor-icon-list-text\">Promover a melhoria das condi\u00e7\u00f5es de acolhimento, internamento e tratamento dos doentes (incluindo ambulat\u00f3rios) da Unidade Hospitalar de Chaves (UHC), de forma a evitar a rotura das suas rela\u00e7\u00f5es familiares e sociais, objetivamente na distribui\u00e7\u00e3o de lanches nas salas de espera, auxiliar na alimenta\u00e7\u00e3o individualizada aos acamados; socializa\u00e7\u00e3o com os utentes no sentido de melhor conforto nas depend\u00eancias da UHC; aquisi\u00e7\u00e3o de medica\u00e7\u00e3o aos doentes carenciados; orienta\u00e7\u00e3o dos doentes na desloca\u00e7\u00e3o aos v\u00e1rios sectores da UHC;<\/span><\/li><\/ul><ul><li><span class=\"elementor-icon-list-text\">Colaborar com os \u00f3rg\u00e3os de gest\u00e3o da UHC, para defesa dos interesses e direitos dos doentes e da sua dignifica\u00e7\u00e3o pessoal;<\/span><\/li><\/ul><ul><li><span class=\"elementor-icon-list-text\">Colaborar na dignifica\u00e7\u00e3o pessoal de todos quantos trabalham na UHC, designadamente apoiando e colaborando em todas as iniciativas de car\u00e1cter cultural, social e profissional, como forma de promo\u00e7\u00e3o indireta do bem-estar dos doentes.<\/span><\/li><\/ul>\t\t\t\t\t\t\t\t<\/div>\n\t\t\t\t<\/div>\n\t\t\t\t<div class=\"elementor-element elementor-element-8a74079 elementor-widget-divider--view-line elementor-widget elementor-widget-divider\" data-id=\"8a74079\" data-element_type=\"widget\" data-widget_type=\"divider.default\">\n\t\t\t\t<div class=\"elementor-widget-container\">\n\t\t\t\t\t\t\t<div class=\"elementor-divider\">\n\t\t\t<span class=\"elementor-divider-separator\">\n\t\t\t\t\t\t<\/span>\n\t\t<\/div>\n\t\t\t\t\t\t<\/div>\n\t\t\t\t<\/div>\n\t\t\t\t<\/div>\n\t\t<div class=\"elementor-element elementor-element-919da34 e-con-full e-flex e-con e-child\" data-id=\"919da34\" data-element_type=\"container\">\n\t\t\t\t<div class=\"elementor-element elementor-element-693cc5a elementor-widget elementor-widget-image\" data-id=\"693cc5a\" data-element_type=\"widget\" data-widget_type=\"image.default\">\n\t\t\t\t<div class=\"elementor-widget-container\">\n\t\t\t\t\t\t\t\t\t\t\t\t\t\t\t<img fetchpriority=\"high\" decoding=\"async\" width=\"600\" height=\"749\" src=\"https:\/\/lahdc.pt\/home\/wp-content\/uploads\/2025\/02\/Untitled-1.jpg\" class=\"attachment-large size-large wp-image-231\" alt=\"\" srcset=\"https:\/\/lahdc.pt\/home\/wp-content\/uploads\/2025\/02\/Untitled-1.jpg 600w, https:\/\/lahdc.pt\/home\/wp-content\/uploads\/2025\/02\/Untitled-1-240x300.jpg 240w\" sizes=\"(max-width: 600px) 100vw, 600px\" \/>\t\t\t\t\t\t\t\t\t\t\t\t\t\t\t<\/div>\n\t\t\t\t<\/div>\n\t\t\t\t<\/div>\n\t\t\t\t<\/div>\n\t\t\t\t\t<\/div>\n\t\t\t\t<\/div>\n\t\t\t\t<\/div>\n\t\t","protected":false},"excerpt":{"rendered":"<p>A Hist\u00f3ria da LAHDC A Nossa Hist\u00f3ria A Liga dos Amigos do Hospital Distrital de Chaves nasceu da vontade de fazer a diferen\u00e7a na vida dos doentes deste hospital, reconhecendo-o como uma unidade essencial para o bem-estar da comunidade. Foi com esse prop\u00f3sito que, a 1 de julho de 1992, um grupo de cidad\u00e3os decidiu [&hellip;]<\/p>\n","protected":false},"author":1,"featured_media":0,"parent":0,"menu_order":0,"comment_status":"closed","ping_status":"closed","template":"elementor_header_footer","meta":{"footnotes":""},"class_list":["post-607","page","type-page","status-publish","hentry"],"_links":{"self":[{"href":"https:\/\/lahdc.pt\/home\/wp-json\/wp\/v2\/pages\/607","targetHints":{"allow":["GET"]}}],"collection":[{"href":"https:\/\/lahdc.pt\/home\/wp-json\/wp\/v2\/pages"}],"about":[{"href":"https:\/\/lahdc.pt\/home\/wp-json\/wp\/v2\/types\/page"}],"author":[{"embeddable":true,"href":"https:\/\/lahdc.pt\/home\/wp-json\/wp\/v2\/users\/1"}],"replies":[{"embeddable":true,"href":"https:\/\/lahdc.pt\/home\/wp-json\/wp\/v2\/comments?post=607"}],"version-history":[{"count":10,"href":"https:\/\/lahdc.pt\/home\/wp-json\/wp\/v2\/pages\/607\/revisions"}],"predecessor-version":[{"id":1028,"href":"https:\/\/lahdc.pt\/home\/wp-json\/wp\/v2\/pages\/607\/revisions\/1028"}],"wp:attachment":[{"href":"https:\/\/lahdc.pt\/home\/wp-json\/wp\/v2\/media?parent=607"}],"curies":[{"name":"wp","href":"https:\/\/api.w.org\/{rel}","templated":true}]}}