{"id":616,"date":"2025-02-24T13:42:39","date_gmt":"2025-02-24T13:42:39","guid":{"rendered":"https:\/\/lahdc.pt\/home\/?page_id=616"},"modified":"2025-03-24T19:16:52","modified_gmt":"2025-03-24T19:16:52","slug":"declaracao-universal","status":"publish","type":"page","link":"https:\/\/lahdc.pt\/home\/declaracao-universal\/","title":{"rendered":"Declara\u00e7\u00e3o Universal"},"content":{"rendered":"\t\t<div data-elementor-type=\"wp-page\" data-elementor-id=\"616\" class=\"elementor elementor-616\">\n\t\t\t\t<div class=\"elementor-element elementor-element-9d2eee1 e-flex e-con-boxed e-con e-parent\" data-id=\"9d2eee1\" data-element_type=\"container\" data-settings=\"{&quot;background_background&quot;:&quot;classic&quot;}\">\n\t\t\t\t\t<div class=\"e-con-inner\">\n\t\t\t\t<div class=\"elementor-element elementor-element-42074f5 elementor-widget elementor-widget-heading\" data-id=\"42074f5\" data-element_type=\"widget\" data-widget_type=\"heading.default\">\n\t\t\t\t<div class=\"elementor-widget-container\">\n\t\t\t\t\t<h2 class=\"elementor-heading-title elementor-size-default\">Declara\u00e7\u00e3o Universal Sobre o Voluntariado<\/h2>\t\t\t\t<\/div>\n\t\t\t\t<\/div>\n\t\t\t\t\t<\/div>\n\t\t\t\t<\/div>\n\t\t<div class=\"elementor-element elementor-element-c598388 e-flex e-con-boxed e-con e-parent\" data-id=\"c598388\" data-element_type=\"container\">\n\t\t\t\t\t<div class=\"e-con-inner\">\n\t\t<div class=\"elementor-element elementor-element-250956f e-con-full e-flex e-con e-child\" data-id=\"250956f\" data-element_type=\"container\">\n\t\t\t\t<div class=\"elementor-element elementor-element-33baf52 texto-resumido elementor-widget elementor-widget-text-editor\" data-id=\"33baf52\" data-element_type=\"widget\" data-widget_type=\"text-editor.default\">\n\t\t\t\t<div class=\"elementor-widget-container\">\n\t\t\t\t\t\t\t\t\t<p><strong>PRE\u00c2MBULO<\/strong><\/p><p><strong>1 \u2013 Os volunt\u00e1rios<\/strong>, inspirados na Declara\u00e7\u00e3o Universal dos Direitos do Homem de 1948 e na Conven\u00e7\u00e3o sobre os Direitos da Crian\u00e7a de 1989, consideram o seu compromisso como um instrumento de desenvolvimento social, cultural, econ\u00f3mico e do ambiente, num mundo em constante transforma\u00e7\u00e3o. Fazem seu o princ\u00edpio de que \u201cTodas as pessoas t\u00eam direito \u00e0 liberdade de reuni\u00e3o e associa\u00e7\u00e3o pac\u00edfica\u201d.<\/p><p><strong>2 \u2013 O Voluntariado:<\/strong><\/p><p>\u00c9 uma decis\u00e3o volunt\u00e1ria, apoiada em motiva\u00e7\u00f5es e op\u00e7\u00f5es pessoais;<\/p><p>\u00c9 uma forma de participa\u00e7\u00e3o ativa do cidad\u00e3o na vida das comunidades;<\/p><p>Contribui para a melhoria da qualidade de vida, realiza\u00e7\u00e3o pessoal e uma maior solidariedade;<\/p><p>Traduz-se, regra geral, numa a\u00e7\u00e3o ou num movimento organizado, no \u00e2mbito de uma associa\u00e7\u00e3o;<\/p><p>Contribui para dar resposta aos principais desafios da sociedade, com vista a um mundo mais justo e mais pac\u00edfico;<\/p><p>Contribui para um desenvolvimento econ\u00f3mico e social mais equilibrado, para a cria\u00e7\u00e3o de empregos e novas profiss\u00f5es.<\/p><p><strong>PRINC\u00cdPIOS FUNDAMENTAIS DO VOLUNTARIADO<\/strong><\/p><p><strong>1 \u2013 Os volunt\u00e1rios p\u00f5em em pr\u00e1tica dos seguintes Princ\u00edpios Fundamentais:<\/strong><\/p><p><strong>Os volunt\u00e1rios:<\/strong><\/p><p>Reconhecem a todo o homem, mulher e crian\u00e7a o direito de se associarem, independentemente da sua ra\u00e7a, religi\u00e3o, condi\u00e7\u00e3o f\u00edsica, social ou material;<\/p><p>Respeitam a dignidade de todo o ser humano e a sua cultura;<\/p><p>Oferecem individualmente ou no \u00e2mbito de uma associa\u00e7\u00e3o, ajuda m\u00fatua e servi\u00e7o, de uma forma desinteressada e com o esp\u00edrito de partenariado e fraternidade;<\/p><p>Est\u00e3o atentos \u00e0s necessidades das pessoas e comunidades e desencadeiam, com a sua colabora\u00e7\u00e3o, a resposta adequada;<\/p><p>T\u00eam em vista, igualmente, fazer do voluntariado um fator de realiza\u00e7\u00e3o pessoal, aquisi\u00e7\u00e3o de conhecimentos e novas compet\u00eancias, desenvolvimento das capacidades, favorecendo a iniciativa e a criatividade, permitindo a cada um ser mais membro ativo do que benefici\u00e1rio da a\u00e7\u00e3o volunt\u00e1ria;<\/p><p>Estimulam o esp\u00edrito de responsabilidade social e encorajam a solidariedade familiar, comunit\u00e1ria e internacional.<\/p><p><strong>2 \u2013 Tendo em conta estes princ\u00edpios fundamentais, devem os volunt\u00e1rios:<\/strong><\/p><p>Encorajar a transforma\u00e7\u00e3o do compromisso individual em movimento coletivo;<\/p><p>Apoiar, de maneira ativa, a sua associa\u00e7\u00e3o, aderindo conscientemente aos seus objetivos, informando-se das suas pol\u00edticas de funcionamento;<\/p><p>Comprometer-se a cumprir corretamente as tarefas definidas em conjunto, de acordo com as suas capacidades, tempo dispon\u00edvel e responsabilidades assumidas;<\/p><p>Cooperar, com esp\u00edrito de compreens\u00e3o m\u00fatua e estima rec\u00edproca, com todos os membros da sua associa\u00e7\u00e3o;<\/p><p>Aceitar receber forma\u00e7\u00e3o;<\/p><p>Trabalhar com \u00e9tica, no desempenho das suas fun\u00e7\u00f5es.<\/p><p><strong>3 \u2013 Tendo em conta a Declara\u00e7\u00e3o Universal dos Direitos do Homem e os Princ\u00edpios Fundamentais do Voluntariado, devem as associa\u00e7\u00f5es:<\/strong><\/p><p>Elaborar os estatutos adequados ao exerc\u00edcio do trabalho volunt\u00e1rio<\/p><p>Definir os crit\u00e9rios de participa\u00e7\u00e3o dos volunt\u00e1rios, no respeito das fun\u00e7\u00f5es claramente definidas para cada um;<\/p><p>Confiar, a cada um, as atividades que lhe s\u00e3o adequadas, assegurando a forma\u00e7\u00e3o e acompanhamento necess\u00e1rios;<\/p><p>Prever e dar a conhecer a avalia\u00e7\u00e3o peri\u00f3dica dos resultados<\/p><p>Prever, de forma eficaz, a cobertura dos riscos a que os volunt\u00e1rios est\u00e3o sujeitos no exerc\u00edcio das suas fun\u00e7\u00f5es e os preju\u00edzos que estes, involuntariamente, possam provocar em terceiros, no decurso da sua atividade;<\/p><p>Facilitar a participa\u00e7\u00e3o de todos os volunt\u00e1rios, reembolsando-os, se necess\u00e1rio, com as despesas efetuadas com o seu trabalho;<\/p><p>Estabelecer a forma de rescis\u00e3o do v\u00ednculo, quer por parte da associa\u00e7\u00e3o quer do volunt\u00e1rio.<\/p><p><strong>PROCLAMA\u00c7\u00c3O<\/strong><\/p><p>Os volunt\u00e1rios, reunidos por iniciativa da International Association for Volunteer Effort(IAVE), em Congresso Mundial, declaram a sua f\u00e9 na a\u00e7\u00e3o volunt\u00e1ria, como uma for\u00e7a criadora e mediadora para:<\/p><p>Respeitar a dignidade de toda a pessoa, reconhecer a sua capacidade de exercer os seus direitos de cidad\u00e3o e ser agente do seu pr\u00f3prio desenvolvimento;<\/p><p>Contribuir para a resolu\u00e7\u00e3o dos problemas sociais e do ambiente;<\/p><p>A constru\u00e7\u00e3o de uma sociedade mais humana e mais justa, favorecendo igualmente uma coopera\u00e7\u00e3o mundial.<\/p><p>Assim convidam os Estados, as Institui\u00e7\u00f5es Internacionais, as empresas e os meios de comunica\u00e7\u00e3o social a unirem-se a eles, como parceiros, para construir um ambiente internacional favor\u00e1vel \u00e0 promo\u00e7\u00e3o e apoio de um voluntariado eficaz, acess\u00edvel a todos, s\u00edmbolo de solidariedade entre os homens e as Na\u00e7\u00f5es.<\/p><p><em>Paris, 14 de Setembro de 1990<\/em><\/p>\t\t\t\t\t\t\t\t<\/div>\n\t\t\t\t<\/div>\n\t\t\t\t<div class=\"elementor-element elementor-element-51e5743 elementor-align-center elementor-widget elementor-widget-button\" data-id=\"51e5743\" data-element_type=\"widget\" data-widget_type=\"button.default\">\n\t\t\t\t<div class=\"elementor-widget-container\">\n\t\t\t\t\t\t\t\t\t<div class=\"elementor-button-wrapper\">\n\t\t\t\t\t<a class=\"elementor-button elementor-button-link elementor-size-sm\" href=\"#\" id=\"botao-lermais\">\n\t\t\t\t\t\t<span class=\"elementor-button-content-wrapper\">\n\t\t\t\t\t\t\t\t\t<span class=\"elementor-button-text\">Ler mais<\/span>\n\t\t\t\t\t<\/span>\n\t\t\t\t\t<\/a>\n\t\t\t\t<\/div>\n\t\t\t\t\t\t\t\t<\/div>\n\t\t\t\t<\/div>\n\t\t\t\t<div class=\"elementor-element elementor-element-0f36f8c elementor-widget elementor-widget-html\" data-id=\"0f36f8c\" data-element_type=\"widget\" data-widget_type=\"html.default\">\n\t\t\t\t<div class=\"elementor-widget-container\">\n\t\t\t\t\t<script>\r\njQuery(document).ready(function($) {\r\n  var resumoHeight = '1000px'; \r\n\r\n  $('.texto-resumido').css({\r\n    'height': resumoHeight,\r\n    'overflow': 'hidden'\r\n  });\r\n\r\n  $('#botao-lermais').click(function() {\r\n    var textoResumido = $('.texto-resumido');\r\n    if (textoResumido.height() <= parseInt(resumoHeight)) {\r\n      textoResumido.animate({\r\n        'height': textoResumido.get(0).scrollHeight + 'px'\r\n      }, 1000); \r\n      $(this).text('Fechar');\r\n    } else {\r\n      textoResumido.animate({\r\n        'height': resumoHeight\r\n      }, 1000); \r\n      $(this).text('Ler Mais');\r\n    }\r\n  });\r\n});\r\n\r\n<\/script>\t\t\t\t<\/div>\n\t\t\t\t<\/div>\n\t\t\t\t<\/div>\n\t\t<div class=\"elementor-element elementor-element-ded16e7 e-con-full e-flex e-con e-child\" data-id=\"ded16e7\" data-element_type=\"container\" data-settings=\"{&quot;background_background&quot;:&quot;classic&quot;}\">\n\t\t\t\t<div class=\"elementor-element elementor-element-23bc679 elementor-widget elementor-widget-image\" data-id=\"23bc679\" data-element_type=\"widget\" data-widget_type=\"image.default\">\n\t\t\t\t<div class=\"elementor-widget-container\">\n\t\t\t\t\t\t\t\t\t\t\t\t\t\t\t<img fetchpriority=\"high\" decoding=\"async\" width=\"800\" height=\"533\" src=\"https:\/\/lahdc.pt\/home\/wp-content\/uploads\/2025\/02\/home1-1024x682.webp\" class=\"attachment-large size-large wp-image-797\" alt=\"\" srcset=\"https:\/\/lahdc.pt\/home\/wp-content\/uploads\/2025\/02\/home1-1024x682.webp 1024w, https:\/\/lahdc.pt\/home\/wp-content\/uploads\/2025\/02\/home1-300x200.webp 300w, https:\/\/lahdc.pt\/home\/wp-content\/uploads\/2025\/02\/home1-768x512.webp 768w, https:\/\/lahdc.pt\/home\/wp-content\/uploads\/2025\/02\/home1-1536x1023.webp 1536w, https:\/\/lahdc.pt\/home\/wp-content\/uploads\/2025\/02\/home1.webp 1920w\" sizes=\"(max-width: 800px) 100vw, 800px\" \/>\t\t\t\t\t\t\t\t\t\t\t\t\t\t\t<\/div>\n\t\t\t\t<\/div>\n\t\t\t\t<div class=\"elementor-element elementor-element-d8df164 elementor-align-left elementor-widget elementor-widget-button\" data-id=\"d8df164\" data-element_type=\"widget\" data-widget_type=\"button.default\">\n\t\t\t\t<div class=\"elementor-widget-container\">\n\t\t\t\t\t\t\t\t\t<div class=\"elementor-button-wrapper\">\n\t\t\t\t\t<a class=\"elementor-button elementor-button-link elementor-size-sm\" href=\"https:\/\/lahdc.pt\/home\/quero-ser-voluntario\/\">\n\t\t\t\t\t\t<span class=\"elementor-button-content-wrapper\">\n\t\t\t\t\t\t<span class=\"elementor-button-icon\">\n\t\t\t\t<i aria-hidden=\"true\" class=\"icon icon-chevron-right\"><\/i>\t\t\t<\/span>\n\t\t\t\t\t\t\t\t\t<span class=\"elementor-button-text\">Inscri\u00e7\u00e3o para Volunt\u00e1rio<\/span>\n\t\t\t\t\t<\/span>\n\t\t\t\t\t<\/a>\n\t\t\t\t<\/div>\n\t\t\t\t\t\t\t\t<\/div>\n\t\t\t\t<\/div>\n\t\t\t\t<div class=\"elementor-element elementor-element-54d65bf elementor-align-left elementor-widget elementor-widget-button\" data-id=\"54d65bf\" data-element_type=\"widget\" data-widget_type=\"button.default\">\n\t\t\t\t<div class=\"elementor-widget-container\">\n\t\t\t\t\t\t\t\t\t<div class=\"elementor-button-wrapper\">\n\t\t\t\t\t<a class=\"elementor-button elementor-button-link elementor-size-sm\" href=\"https:\/\/lahdc.pt\/home\/quero-ser-voluntario\/\">\n\t\t\t\t\t\t<span class=\"elementor-button-content-wrapper\">\n\t\t\t\t\t\t<span class=\"elementor-button-icon\">\n\t\t\t\t<i aria-hidden=\"true\" class=\"icon icon-chevron-right\"><\/i>\t\t\t<\/span>\n\t\t\t\t\t\t\t\t\t<span class=\"elementor-button-text\">Regulamento Interno<\/span>\n\t\t\t\t\t<\/span>\n\t\t\t\t\t<\/a>\n\t\t\t\t<\/div>\n\t\t\t\t\t\t\t\t<\/div>\n\t\t\t\t<\/div>\n\t\t\t\t<div class=\"elementor-element elementor-element-51415a8 elementor-align-left elementor-widget elementor-widget-button\" data-id=\"51415a8\" data-element_type=\"widget\" data-widget_type=\"button.default\">\n\t\t\t\t<div class=\"elementor-widget-container\">\n\t\t\t\t\t\t\t\t\t<div class=\"elementor-button-wrapper\">\n\t\t\t\t\t<a class=\"elementor-button elementor-button-link elementor-size-sm\" href=\"https:\/\/lahdc.pt\/home\/servicos-prestados\/\">\n\t\t\t\t\t\t<span class=\"elementor-button-content-wrapper\">\n\t\t\t\t\t\t<span class=\"elementor-button-icon\">\n\t\t\t\t<i aria-hidden=\"true\" class=\"icon icon-chevron-right\"><\/i>\t\t\t<\/span>\n\t\t\t\t\t\t\t\t\t<span class=\"elementor-button-text\">Servi\u00e7os Prestados<\/span>\n\t\t\t\t\t<\/span>\n\t\t\t\t\t<\/a>\n\t\t\t\t<\/div>\n\t\t\t\t\t\t\t\t<\/div>\n\t\t\t\t<\/div>\n\t\t\t\t<div class=\"elementor-element elementor-element-6ea931d elementor-align-left elementor-widget elementor-widget-button\" data-id=\"6ea931d\" data-element_type=\"widget\" data-widget_type=\"button.default\">\n\t\t\t\t<div class=\"elementor-widget-container\">\n\t\t\t\t\t\t\t\t\t<div class=\"elementor-button-wrapper\">\n\t\t\t\t\t<a class=\"elementor-button elementor-button-link elementor-size-sm\" href=\"https:\/\/lahdc.pt\/home\/quero-ser-voluntario\/\">\n\t\t\t\t\t\t<span class=\"elementor-button-content-wrapper\">\n\t\t\t\t\t\t<span class=\"elementor-button-icon\">\n\t\t\t\t<i aria-hidden=\"true\" class=\"icon icon-chevron-right\"><\/i>\t\t\t<\/span>\n\t\t\t\t\t\t\t\t\t<span class=\"elementor-button-text\">Admiss\u00e3o e Forma\u00e7\u00e3o<\/span>\n\t\t\t\t\t<\/span>\n\t\t\t\t\t<\/a>\n\t\t\t\t<\/div>\n\t\t\t\t\t\t\t\t<\/div>\n\t\t\t\t<\/div>\n\t\t\t\t<div class=\"elementor-element elementor-element-fcb7394 elementor-align-left elementor-widget elementor-widget-button\" data-id=\"fcb7394\" data-element_type=\"widget\" data-widget_type=\"button.default\">\n\t\t\t\t<div class=\"elementor-widget-container\">\n\t\t\t\t\t\t\t\t\t<div class=\"elementor-button-wrapper\">\n\t\t\t\t\t<a class=\"elementor-button elementor-button-link elementor-size-sm\" href=\"https:\/\/lahdc.pt\/home\/quero-ser-voluntario\/\">\n\t\t\t\t\t\t<span class=\"elementor-button-content-wrapper\">\n\t\t\t\t\t\t<span class=\"elementor-button-icon\">\n\t\t\t\t<i aria-hidden=\"true\" class=\"icon icon-chevron-right\"><\/i>\t\t\t<\/span>\n\t\t\t\t\t\t\t\t\t<span class=\"elementor-button-text\">Organigrama do Voluntariado<\/span>\n\t\t\t\t\t<\/span>\n\t\t\t\t\t<\/a>\n\t\t\t\t<\/div>\n\t\t\t\t\t\t\t\t<\/div>\n\t\t\t\t<\/div>\n\t\t\t\t<div class=\"elementor-element elementor-element-aaaf179 elementor-align-left elementor-widget elementor-widget-button\" data-id=\"aaaf179\" data-element_type=\"widget\" data-widget_type=\"button.default\">\n\t\t\t\t<div class=\"elementor-widget-container\">\n\t\t\t\t\t\t\t\t\t<div class=\"elementor-button-wrapper\">\n\t\t\t\t\t<a class=\"elementor-button elementor-button-link elementor-size-sm\" href=\"https:\/\/lahdc.pt\/home\/faqs\/\">\n\t\t\t\t\t\t<span class=\"elementor-button-content-wrapper\">\n\t\t\t\t\t\t<span class=\"elementor-button-icon\">\n\t\t\t\t<i aria-hidden=\"true\" class=\"icon icon-chevron-right\"><\/i>\t\t\t<\/span>\n\t\t\t\t\t\t\t\t\t<span class=\"elementor-button-text\">Quest\u00f5es Frequentes<\/span>\n\t\t\t\t\t<\/span>\n\t\t\t\t\t<\/a>\n\t\t\t\t<\/div>\n\t\t\t\t\t\t\t\t<\/div>\n\t\t\t\t<\/div>\n\t\t\t\t<\/div>\n\t\t\t\t\t<\/div>\n\t\t\t\t<\/div>\n\t\t\t\t<\/div>\n\t\t","protected":false},"excerpt":{"rendered":"<p>Declara\u00e7\u00e3o Universal Sobre o Voluntariado PRE\u00c2MBULO 1 \u2013 Os volunt\u00e1rios, inspirados na Declara\u00e7\u00e3o Universal dos Direitos do Homem de 1948 e na Conven\u00e7\u00e3o sobre os Direitos da Crian\u00e7a de 1989, consideram o seu compromisso como um instrumento de desenvolvimento social, cultural, econ\u00f3mico e do ambiente, num mundo em constante transforma\u00e7\u00e3o. Fazem seu o princ\u00edpio de [&hellip;]<\/p>\n","protected":false},"author":1,"featured_media":0,"parent":0,"menu_order":0,"comment_status":"closed","ping_status":"closed","template":"elementor_header_footer","meta":{"footnotes":""},"class_list":["post-616","page","type-page","status-publish","hentry"],"_links":{"self":[{"href":"https:\/\/lahdc.pt\/home\/wp-json\/wp\/v2\/pages\/616","targetHints":{"allow":["GET"]}}],"collection":[{"href":"https:\/\/lahdc.pt\/home\/wp-json\/wp\/v2\/pages"}],"about":[{"href":"https:\/\/lahdc.pt\/home\/wp-json\/wp\/v2\/types\/page"}],"author":[{"embeddable":true,"href":"https:\/\/lahdc.pt\/home\/wp-json\/wp\/v2\/users\/1"}],"replies":[{"embeddable":true,"href":"https:\/\/lahdc.pt\/home\/wp-json\/wp\/v2\/comments?post=616"}],"version-history":[{"count":49,"href":"https:\/\/lahdc.pt\/home\/wp-json\/wp\/v2\/pages\/616\/revisions"}],"predecessor-version":[{"id":950,"href":"https:\/\/lahdc.pt\/home\/wp-json\/wp\/v2\/pages\/616\/revisions\/950"}],"wp:attachment":[{"href":"https:\/\/lahdc.pt\/home\/wp-json\/wp\/v2\/media?parent=616"}],"curies":[{"name":"wp","href":"https:\/\/api.w.org\/{rel}","templated":true}]}}