{"id":655,"date":"2025-02-24T14:39:17","date_gmt":"2025-02-24T14:39:17","guid":{"rendered":"https:\/\/lahdc.pt\/home\/?page_id=655"},"modified":"2025-03-25T17:18:05","modified_gmt":"2025-03-25T17:18:05","slug":"servicos-prestados","status":"publish","type":"page","link":"https:\/\/lahdc.pt\/home\/servicos-prestados\/","title":{"rendered":"Servi\u00e7os prestados"},"content":{"rendered":"\t\t<div data-elementor-type=\"wp-page\" data-elementor-id=\"655\" class=\"elementor elementor-655\">\n\t\t\t\t<div class=\"elementor-element elementor-element-06eccea e-flex e-con-boxed e-con e-parent\" data-id=\"06eccea\" data-element_type=\"container\" data-settings=\"{&quot;background_background&quot;:&quot;classic&quot;}\">\n\t\t\t\t\t<div class=\"e-con-inner\">\n\t\t\t\t<div class=\"elementor-element elementor-element-4d96f78 elementor-widget elementor-widget-heading\" data-id=\"4d96f78\" data-element_type=\"widget\" data-widget_type=\"heading.default\">\n\t\t\t\t<div class=\"elementor-widget-container\">\n\t\t\t\t\t<h2 class=\"elementor-heading-title elementor-size-default\">Servi\u00e7os LAHDC<\/h2>\t\t\t\t<\/div>\n\t\t\t\t<\/div>\n\t\t\t\t\t<\/div>\n\t\t\t\t<\/div>\n\t\t<div class=\"elementor-element elementor-element-fe4279d e-flex e-con-boxed e-con e-parent\" data-id=\"fe4279d\" data-element_type=\"container\">\n\t\t\t\t\t<div class=\"e-con-inner\">\n\t\t<div class=\"elementor-element elementor-element-3d951c0 e-con-full e-flex e-con e-child\" data-id=\"3d951c0\" data-element_type=\"container\">\n\t\t\t\t<div class=\"elementor-element elementor-element-5eab453 texto-resumido elementor-widget elementor-widget-text-editor\" data-id=\"5eab453\" data-element_type=\"widget\" data-widget_type=\"text-editor.default\">\n\t\t\t\t<div class=\"elementor-widget-container\">\n\t\t\t\t\t\t\t\t\t<div class=\"section-title mais-fundo-30\"><div class=\"text-start\"><p class=\"text-justify\">A Liga promove v\u00e1rios servi\u00e7os nos diferentes setores hospitalares da \u00e1rea do Hospital de Distrital de Chaves.<\/p><p>\u00a0<\/p><\/div><\/div><div class=\"row\"><div class=\"d-flex align-items-start\"><h4>Orienta\u00e7\u00e3o<\/h4><\/div><p class=\"text-justify mais-fundo-30\">Nas portas de acesso ao interior do Edif\u00edcio, encontram-se volunt\u00e1rios que orientam os utentes ou visitas que desconhecem a situa\u00e7\u00e3o do local para onde pretendem dirigir-se.<\/p><div class=\"col-lg-12 mt-4 mt-lg-0\"><div class=\"d-flex align-items-start\"><div class=\"row\"><div class=\"col-lg-12\">\u00a0<\/div><\/div><\/div><\/div><div class=\"col-lg-12 mt-4 mt-lg-0\"><div class=\"d-flex align-items-start\"><div class=\"row\"><div class=\"col-lg-12\"><p>\u00a0<\/p><\/div><\/div><\/div><\/div><\/div><div class=\"row mais-topo-40\"><div class=\"d-flex align-items-start\"><h4>Pequenos Almo\u00e7os<\/h4><\/div><p class=\"text-justify mais-fundo-30\">Servi\u00e7o destinado a doentes que est\u00e3o internados nas enfermarias do Hospital Distrital de Chaves.<\/p><p>\u00a0<\/p><\/div><div class=\"row mais-topo-40\"><div class=\"d-flex align-items-start\"><h4>Apoio<\/h4><\/div><p class=\"text-justify mais-fundo-30\">Apoio humanit\u00e1rio ao doente e familiares, ajuda no momento das refei\u00e7\u00f5es, eventualmente entregas de objetos no GAFA e acompanhamento de familiares aos servi\u00e7os.<\/p><\/div>\t\t\t\t\t\t\t\t<\/div>\n\t\t\t\t<\/div>\n\t\t\t\t<\/div>\n\t\t<div class=\"elementor-element elementor-element-209b069 e-con-full e-flex e-con e-child\" data-id=\"209b069\" data-element_type=\"container\" data-settings=\"{&quot;background_background&quot;:&quot;classic&quot;}\">\n\t\t\t\t<div class=\"elementor-element elementor-element-643e4de elementor-widget elementor-widget-image\" data-id=\"643e4de\" data-element_type=\"widget\" data-widget_type=\"image.default\">\n\t\t\t\t<div class=\"elementor-widget-container\">\n\t\t\t\t\t\t\t\t\t\t\t\t\t\t\t<img fetchpriority=\"high\" decoding=\"async\" width=\"800\" height=\"533\" src=\"https:\/\/lahdc.pt\/home\/wp-content\/uploads\/2025\/02\/home1-1024x682.webp\" class=\"attachment-large size-large wp-image-797\" alt=\"\" srcset=\"https:\/\/lahdc.pt\/home\/wp-content\/uploads\/2025\/02\/home1-1024x682.webp 1024w, https:\/\/lahdc.pt\/home\/wp-content\/uploads\/2025\/02\/home1-300x200.webp 300w, https:\/\/lahdc.pt\/home\/wp-content\/uploads\/2025\/02\/home1-768x512.webp 768w, https:\/\/lahdc.pt\/home\/wp-content\/uploads\/2025\/02\/home1-1536x1023.webp 1536w, https:\/\/lahdc.pt\/home\/wp-content\/uploads\/2025\/02\/home1.webp 1920w\" sizes=\"(max-width: 800px) 100vw, 800px\" \/>\t\t\t\t\t\t\t\t\t\t\t\t\t\t\t<\/div>\n\t\t\t\t<\/div>\n\t\t\t\t<div class=\"elementor-element elementor-element-04f1388 elementor-align-left elementor-widget elementor-widget-button\" data-id=\"04f1388\" data-element_type=\"widget\" data-widget_type=\"button.default\">\n\t\t\t\t<div class=\"elementor-widget-container\">\n\t\t\t\t\t\t\t\t\t<div class=\"elementor-button-wrapper\">\n\t\t\t\t\t<a class=\"elementor-button elementor-button-link elementor-size-sm\" href=\"https:\/\/lahdc.pt\/home\/quero-ser-voluntario\/\">\n\t\t\t\t\t\t<span class=\"elementor-button-content-wrapper\">\n\t\t\t\t\t\t<span class=\"elementor-button-icon\">\n\t\t\t\t<i aria-hidden=\"true\" class=\"icon icon-chevron-right\"><\/i>\t\t\t<\/span>\n\t\t\t\t\t\t\t\t\t<span class=\"elementor-button-text\">Inscri\u00e7\u00e3o para Volunt\u00e1rio<\/span>\n\t\t\t\t\t<\/span>\n\t\t\t\t\t<\/a>\n\t\t\t\t<\/div>\n\t\t\t\t\t\t\t\t<\/div>\n\t\t\t\t<\/div>\n\t\t\t\t<div class=\"elementor-element elementor-element-f0c3592 elementor-align-left elementor-widget elementor-widget-button\" data-id=\"f0c3592\" data-element_type=\"widget\" data-widget_type=\"button.default\">\n\t\t\t\t<div class=\"elementor-widget-container\">\n\t\t\t\t\t\t\t\t\t<div class=\"elementor-button-wrapper\">\n\t\t\t\t\t<a class=\"elementor-button elementor-button-link elementor-size-sm\" href=\"https:\/\/lahdc.pt\/home\/quero-ser-voluntario\/\">\n\t\t\t\t\t\t<span class=\"elementor-button-content-wrapper\">\n\t\t\t\t\t\t<span class=\"elementor-button-icon\">\n\t\t\t\t<i aria-hidden=\"true\" class=\"icon icon-chevron-right\"><\/i>\t\t\t<\/span>\n\t\t\t\t\t\t\t\t\t<span class=\"elementor-button-text\">Regulamento Interno<\/span>\n\t\t\t\t\t<\/span>\n\t\t\t\t\t<\/a>\n\t\t\t\t<\/div>\n\t\t\t\t\t\t\t\t<\/div>\n\t\t\t\t<\/div>\n\t\t\t\t<div class=\"elementor-element elementor-element-de0e1c5 elementor-align-left elementor-widget elementor-widget-button\" data-id=\"de0e1c5\" data-element_type=\"widget\" data-widget_type=\"button.default\">\n\t\t\t\t<div class=\"elementor-widget-container\">\n\t\t\t\t\t\t\t\t\t<div class=\"elementor-button-wrapper\">\n\t\t\t\t\t<a class=\"elementor-button elementor-button-link elementor-size-sm\" href=\"https:\/\/lahdc.pt\/home\/declaracao-universal\/\">\n\t\t\t\t\t\t<span class=\"elementor-button-content-wrapper\">\n\t\t\t\t\t\t<span class=\"elementor-button-icon\">\n\t\t\t\t<i aria-hidden=\"true\" class=\"icon icon-chevron-right\"><\/i>\t\t\t<\/span>\n\t\t\t\t\t\t\t\t\t<span class=\"elementor-button-text\">Declara\u00e7\u00e3o Universal Sobre o Voluntariado<\/span>\n\t\t\t\t\t<\/span>\n\t\t\t\t\t<\/a>\n\t\t\t\t<\/div>\n\t\t\t\t\t\t\t\t<\/div>\n\t\t\t\t<\/div>\n\t\t\t\t<div class=\"elementor-element elementor-element-ababc30 elementor-align-left elementor-widget elementor-widget-button\" data-id=\"ababc30\" data-element_type=\"widget\" data-widget_type=\"button.default\">\n\t\t\t\t<div class=\"elementor-widget-container\">\n\t\t\t\t\t\t\t\t\t<div class=\"elementor-button-wrapper\">\n\t\t\t\t\t<a class=\"elementor-button elementor-button-link elementor-size-sm\" href=\"https:\/\/lahdc.pt\/home\/quero-ser-voluntario\/\">\n\t\t\t\t\t\t<span class=\"elementor-button-content-wrapper\">\n\t\t\t\t\t\t<span class=\"elementor-button-icon\">\n\t\t\t\t<i aria-hidden=\"true\" class=\"icon icon-chevron-right\"><\/i>\t\t\t<\/span>\n\t\t\t\t\t\t\t\t\t<span class=\"elementor-button-text\">Admiss\u00e3o e Forma\u00e7\u00e3o<\/span>\n\t\t\t\t\t<\/span>\n\t\t\t\t\t<\/a>\n\t\t\t\t<\/div>\n\t\t\t\t\t\t\t\t<\/div>\n\t\t\t\t<\/div>\n\t\t\t\t<div class=\"elementor-element elementor-element-3cc7629 elementor-align-left elementor-widget elementor-widget-button\" data-id=\"3cc7629\" data-element_type=\"widget\" data-widget_type=\"button.default\">\n\t\t\t\t<div class=\"elementor-widget-container\">\n\t\t\t\t\t\t\t\t\t<div class=\"elementor-button-wrapper\">\n\t\t\t\t\t<a class=\"elementor-button elementor-button-link elementor-size-sm\" href=\"https:\/\/lahdc.pt\/home\/quero-ser-voluntario\/\">\n\t\t\t\t\t\t<span class=\"elementor-button-content-wrapper\">\n\t\t\t\t\t\t<span class=\"elementor-button-icon\">\n\t\t\t\t<i aria-hidden=\"true\" class=\"icon icon-chevron-right\"><\/i>\t\t\t<\/span>\n\t\t\t\t\t\t\t\t\t<span class=\"elementor-button-text\">Organigrama do Voluntariado<\/span>\n\t\t\t\t\t<\/span>\n\t\t\t\t\t<\/a>\n\t\t\t\t<\/div>\n\t\t\t\t\t\t\t\t<\/div>\n\t\t\t\t<\/div>\n\t\t\t\t<div class=\"elementor-element elementor-element-8a8d983 elementor-align-left elementor-widget elementor-widget-button\" data-id=\"8a8d983\" data-element_type=\"widget\" data-widget_type=\"button.default\">\n\t\t\t\t<div class=\"elementor-widget-container\">\n\t\t\t\t\t\t\t\t\t<div class=\"elementor-button-wrapper\">\n\t\t\t\t\t<a class=\"elementor-button elementor-button-link elementor-size-sm\" href=\"https:\/\/lahdc.pt\/home\/quero-ser-voluntario\/\">\n\t\t\t\t\t\t<span class=\"elementor-button-content-wrapper\">\n\t\t\t\t\t\t<span class=\"elementor-button-icon\">\n\t\t\t\t<i aria-hidden=\"true\" class=\"icon icon-chevron-right\"><\/i>\t\t\t<\/span>\n\t\t\t\t\t\t\t\t\t<span class=\"elementor-button-text\">Quest\u00f5es Frequentes<\/span>\n\t\t\t\t\t<\/span>\n\t\t\t\t\t<\/a>\n\t\t\t\t<\/div>\n\t\t\t\t\t\t\t\t<\/div>\n\t\t\t\t<\/div>\n\t\t\t\t<\/div>\n\t\t\t\t\t<\/div>\n\t\t\t\t<\/div>\n\t\t\t\t<\/div>\n\t\t","protected":false},"excerpt":{"rendered":"<p>Servi\u00e7os LAHDC A Liga promove v\u00e1rios servi\u00e7os nos diferentes setores hospitalares da \u00e1rea do Hospital de Distrital de Chaves. \u00a0 Orienta\u00e7\u00e3o Nas portas de acesso ao interior do Edif\u00edcio, encontram-se volunt\u00e1rios que orientam os utentes ou visitas que desconhecem a situa\u00e7\u00e3o do local para onde pretendem dirigir-se. \u00a0 \u00a0 Pequenos Almo\u00e7os Servi\u00e7o destinado a doentes [&hellip;]<\/p>\n","protected":false},"author":1,"featured_media":0,"parent":0,"menu_order":0,"comment_status":"closed","ping_status":"closed","template":"elementor_header_footer","meta":{"footnotes":""},"class_list":["post-655","page","type-page","status-publish","hentry"],"_links":{"self":[{"href":"https:\/\/lahdc.pt\/home\/wp-json\/wp\/v2\/pages\/655","targetHints":{"allow":["GET"]}}],"collection":[{"href":"https:\/\/lahdc.pt\/home\/wp-json\/wp\/v2\/pages"}],"about":[{"href":"https:\/\/lahdc.pt\/home\/wp-json\/wp\/v2\/types\/page"}],"author":[{"embeddable":true,"href":"https:\/\/lahdc.pt\/home\/wp-json\/wp\/v2\/users\/1"}],"replies":[{"embeddable":true,"href":"https:\/\/lahdc.pt\/home\/wp-json\/wp\/v2\/comments?post=655"}],"version-history":[{"count":16,"href":"https:\/\/lahdc.pt\/home\/wp-json\/wp\/v2\/pages\/655\/revisions"}],"predecessor-version":[{"id":1025,"href":"https:\/\/lahdc.pt\/home\/wp-json\/wp\/v2\/pages\/655\/revisions\/1025"}],"wp:attachment":[{"href":"https:\/\/lahdc.pt\/home\/wp-json\/wp\/v2\/media?parent=655"}],"curies":[{"name":"wp","href":"https:\/\/api.w.org\/{rel}","templated":true}]}}